{"id":76,"date":"2026-03-05T15:09:07","date_gmt":"2026-03-05T15:09:07","guid":{"rendered":"https:\/\/lenz.com.br\/?post_type=product&#038;p=76"},"modified":"2026-03-05T17:10:03","modified_gmt":"2026-03-05T17:10:03","slug":"lenz-com-br-dominio-curto-forte-e-memoravel","status":"publish","type":"product","link":"https:\/\/lenz.com.br\/index.php\/produto\/lenz-com-br-dominio-curto-forte-e-memoravel\/","title":{"rendered":"lenz.com.br \u2013 Dom\u00ednio curto, forte e memor\u00e1vel"},"content":{"rendered":"<p data-start=\"562\" data-end=\"720\">O dom\u00ednio <strong data-start=\"572\" data-end=\"587\">lenz.com.br<\/strong> \u00e9 curto, f\u00e1cil de lembrar e possui grande potencial de marca. Dom\u00ednios com apenas uma palavra s\u00e3o cada vez mais raros e valorizados.<\/p>\n<p data-start=\"722\" data-end=\"925\">\u201cLenz\u201d \u00e9 um sobrenome internacional, simples de pronunciar e com \u00f3tima sonoridade, ideal para empresas, profissionais liberais, startups, est\u00fadios criativos, fot\u00f3grafos, consultores ou projetos digitais.<\/p>\n<p data-start=\"927\" data-end=\"1111\">Al\u00e9m de transmitir profissionalismo e autoridade, um dom\u00ednio como <strong data-start=\"993\" data-end=\"1008\">lenz.com.br<\/strong> facilita a memoriza\u00e7\u00e3o da marca, melhora a presen\u00e7a online e aumenta a credibilidade perante clientes.<\/p>\n<p data-start=\"1113\" data-end=\"1236\">Se voc\u00ea busca um endere\u00e7o digital forte, direto e com alto valor de branding, <strong data-start=\"1191\" data-end=\"1206\">lenz.com.br<\/strong> \u00e9 uma excelente oportunidade.<\/p>\n<blockquote>\n<p data-start=\"1113\" data-end=\"1236\">Dom\u00ednios curtos e de uma palavra s\u00e3o raros e muito procurados no mercado digital.<\/p>\n<\/blockquote>\n","protected":false},"excerpt":{"rendered":"<p>Um dom\u00ednio premium perfeito para marcas pessoais, empresas, tecnologia ou projetos digitais que querem presen\u00e7a forte na internet.<\/p>\n","protected":false},"featured_media":77,"template":"","meta":{"site-sidebar-layout":"default","site-content-layout":"","ast-site-content-layout":"default","site-content-style":"default","site-sidebar-style":"default","ast-global-header-display":"","ast-banner-title-visibility":"","ast-main-header-display":"","ast-hfb-above-header-display":"","ast-hfb-below-header-display":"","ast-hfb-mobile-header-display":"","site-post-title":"","ast-breadcrumbs-content":"","ast-featured-img":"","footer-sml-layout":"","ast-disable-related-posts":"","theme-transparent-header-meta":"disabled","adv-header-id-meta":"","stick-header-meta":"","header-above-stick-meta":"","header-main-stick-meta":"","header-below-stick-meta":"","astra-migrate-meta-layouts":"set","ast-page-background-enabled":"default","ast-page-background-meta":{"desktop":{"background-color":"var(--ast-global-color-5)","background-image":"","background-repeat":"repeat","background-position":"center center","background-size":"auto","background-attachment":"scroll","background-type":"","background-media":"","overlay-type":"","overlay-color":"","overlay-opacity":"","overlay-gradient":""},"tablet":{"background-color":"","background-image":"","background-repeat":"repeat","background-position":"center center","background-size":"auto","background-attachment":"scroll","background-type":"","background-media":"","overlay-type":"","overlay-color":"","overlay-opacity":"","overlay-gradient":""},"mobile":{"background-color":"","background-image":"","background-repeat":"repeat","background-position":"center center","background-size":"auto","background-attachment":"scroll","background-type":"","background-media":"","overlay-type":"","overlay-color":"","overlay-opacity":"","overlay-gradient":""}},"ast-content-background-meta":{"desktop":{"background-color":"var(--ast-global-color-4)","background-image":"","background-repeat":"repeat","background-position":"center center","background-size":"auto","background-attachment":"scroll","background-type":"","background-media":"","overlay-type":"","overlay-color":"","overlay-opacity":"","overlay-gradient":""},"tablet":{"background-color":"var(--ast-global-color-4)","background-image":"","background-repeat":"repeat","background-position":"center center","background-size":"auto","background-attachment":"scroll","background-type":"","background-media":"","overlay-type":"","overlay-color":"","overlay-opacity":"","overlay-gradient":""},"mobile":{"background-color":"var(--ast-global-color-4)","background-image":"","background-repeat":"repeat","background-position":"center center","background-size":"auto","background-attachment":"scroll","background-type":"","background-media":"","overlay-type":"","overlay-color":"","overlay-opacity":"","overlay-gradient":""}}},"product_brand":[],"product_cat":[18],"product_tag":[],"class_list":{"0":"post-76","1":"product","2":"type-product","3":"status-publish","4":"has-post-thumbnail","6":"product_cat-dominio","7":"desktop-align-left","8":"tablet-align-left","9":"mobile-align-left","11":"first","12":"instock","13":"virtual","14":"sold-individually","15":"purchasable","16":"product-type-simple"},"aioseo_notices":[],"_links":{"self":[{"href":"https:\/\/lenz.com.br\/index.php\/wp-json\/wp\/v2\/product\/76","targetHints":{"allow":["GET"]}}],"collection":[{"href":"https:\/\/lenz.com.br\/index.php\/wp-json\/wp\/v2\/product"}],"about":[{"href":"https:\/\/lenz.com.br\/index.php\/wp-json\/wp\/v2\/types\/product"}],"wp:featuredmedia":[{"embeddable":true,"href":"https:\/\/lenz.com.br\/index.php\/wp-json\/wp\/v2\/media\/77"}],"wp:attachment":[{"href":"https:\/\/lenz.com.br\/index.php\/wp-json\/wp\/v2\/media?parent=76"}],"wp:term":[{"taxonomy":"product_brand","embeddable":true,"href":"https:\/\/lenz.com.br\/index.php\/wp-json\/wp\/v2\/product_brand?post=76"},{"taxonomy":"product_cat","embeddable":true,"href":"https:\/\/lenz.com.br\/index.php\/wp-json\/wp\/v2\/product_cat?post=76"},{"taxonomy":"product_tag","embeddable":true,"href":"https:\/\/lenz.com.br\/index.php\/wp-json\/wp\/v2\/product_tag?post=76"}],"curies":[{"name":"wp","href":"https:\/\/api.w.org\/{rel}","templated":true}]}}